{"id":4665,"date":"2024-10-13T10:49:07","date_gmt":"2024-10-13T09:49:07","guid":{"rendered":"http:\/\/omnifera.eu\/about-us\/"},"modified":"2024-10-13T13:48:03","modified_gmt":"2024-10-13T12:48:03","slug":"about-us","status":"publish","type":"page","link":"http:\/\/omnifera.eu\/en\/about-us\/","title":{"rendered":"ABOUT US"},"content":{"rendered":"\n<h3 class=\"wp-block-heading\">OMNIFERA<\/h3>\n\n<p>We are producing high quality baby wraps since 2014. We are pioneers of high end babywearing in Czech and Slovak Republic.<\/p>\n\n<p>Omnifera is a small family business focusing on a production of a high quality baby wraps, designed by Jana Kracmarova. Our wraps are produced in limited editions and are designed, woven and finished in the Czech Republic,\u00a0the country with a rich history in textile production.&#13;\n&#13;\nIn Omnifera we are passionate lovers of babywearing, art and design. Our aim is to bring you new interpretations of old themes but also completely new ideas. Although we never know where our imagination will lead us, we love adventures!&#13;\n  &#13;\nOnly the highest quality certified yarns are used in our baby wraps and ethical sourcing is high on our list.&#13;\n  &#13;\nWe are babywearers carrying our children already more than six years and we are testing all our prototypes ourselves.<\/p>\n\n<p>OMNIFERA (latin, adj.fem.) &#8211;\u00a0carrying around, bearing with everything<\/p>\n<div class=\"wp-block-image\">\n<figure class=\"aligncenter size-full is-resized\"><img fetchpriority=\"high\" decoding=\"async\" width=\"640\" height=\"427\" src=\"http:\/\/omnifera.eu\/app\/uploads\/2024\/08\/image-2.png\" alt=\"\" class=\"wp-image-4539\" style=\"width:844px;height:auto\" srcset=\"http:\/\/omnifera.eu\/app\/uploads\/2024\/08\/image-2.png 640w, http:\/\/omnifera.eu\/app\/uploads\/2024\/08\/image-2-300x200.png 300w, http:\/\/omnifera.eu\/app\/uploads\/2024\/08\/image-2-350x234.png 350w, http:\/\/omnifera.eu\/app\/uploads\/2024\/08\/image-2-600x400.png 600w\" sizes=\"(max-width: 640px) 100vw, 640px\" \/><\/figure><\/div>\n<h3 class=\"wp-block-heading\">JANA KR\u00c1\u010cMAROV\u00c1<\/h3>\n\n<p>Founder of Omnifera,\u00a0textile designer, grafic and product designer in Omnifera,\u00a0a graduate of Faculty of Architecture (Brno University of Technology),\u00a0architect and designer in her own architectural office <a href=\"http:\/\/www.monarchi.eu\">Monarchi Architects<\/a>,\u00a0wife, mother of two, baby wearer.<\/p>\n\n<div class=\"wp-block-jetpack-slideshow aligncenter\" data-effect=\"slide\"><div class=\"wp-block-jetpack-slideshow_container swiper-container\"><ul class=\"wp-block-jetpack-slideshow_swiper-wrapper swiper-wrapper\"><li class=\"wp-block-jetpack-slideshow_slide swiper-slide\"><figure><img decoding=\"async\" width=\"2500\" height=\"1667\" alt=\"\" class=\"wp-block-jetpack-slideshow_image wp-image-4553\" data-id=\"4553\" src=\"http:\/\/omnifera.eu\/app\/uploads\/2024\/08\/DSC_0030-1.jpg\" srcset=\"http:\/\/omnifera.eu\/app\/uploads\/2024\/08\/DSC_0030-1.jpg 2500w, http:\/\/omnifera.eu\/app\/uploads\/2024\/08\/DSC_0030-1-300x200.jpg 300w, http:\/\/omnifera.eu\/app\/uploads\/2024\/08\/DSC_0030-1-1024x683.jpg 1024w, http:\/\/omnifera.eu\/app\/uploads\/2024\/08\/DSC_0030-1-768x512.jpg 768w, http:\/\/omnifera.eu\/app\/uploads\/2024\/08\/DSC_0030-1-1536x1024.jpg 1536w, http:\/\/omnifera.eu\/app\/uploads\/2024\/08\/DSC_0030-1-2048x1366.jpg 2048w, http:\/\/omnifera.eu\/app\/uploads\/2024\/08\/DSC_0030-1-350x233.jpg 350w, http:\/\/omnifera.eu\/app\/uploads\/2024\/08\/DSC_0030-1-600x400.jpg 600w\" sizes=\"(max-width: 2500px) 100vw, 2500px\" \/><\/figure><\/li><li class=\"wp-block-jetpack-slideshow_slide swiper-slide\"><figure><img decoding=\"async\" width=\"2500\" height=\"1667\" alt=\"\" class=\"wp-block-jetpack-slideshow_image wp-image-4555\" data-id=\"4555\" src=\"http:\/\/omnifera.eu\/app\/uploads\/2024\/08\/DSC_0045-1.jpg\" srcset=\"http:\/\/omnifera.eu\/app\/uploads\/2024\/08\/DSC_0045-1.jpg 2500w, http:\/\/omnifera.eu\/app\/uploads\/2024\/08\/DSC_0045-1-300x200.jpg 300w, http:\/\/omnifera.eu\/app\/uploads\/2024\/08\/DSC_0045-1-1024x683.jpg 1024w, http:\/\/omnifera.eu\/app\/uploads\/2024\/08\/DSC_0045-1-768x512.jpg 768w, http:\/\/omnifera.eu\/app\/uploads\/2024\/08\/DSC_0045-1-1536x1024.jpg 1536w, http:\/\/omnifera.eu\/app\/uploads\/2024\/08\/DSC_0045-1-2048x1366.jpg 2048w, http:\/\/omnifera.eu\/app\/uploads\/2024\/08\/DSC_0045-1-350x233.jpg 350w, http:\/\/omnifera.eu\/app\/uploads\/2024\/08\/DSC_0045-1-600x400.jpg 600w\" sizes=\"(max-width: 2500px) 100vw, 2500px\" \/><\/figure><\/li><li class=\"wp-block-jetpack-slideshow_slide swiper-slide\"><figure><img loading=\"lazy\" decoding=\"async\" width=\"2500\" height=\"1667\" alt=\"\" class=\"wp-block-jetpack-slideshow_image wp-image-4557\" data-id=\"4557\" src=\"http:\/\/omnifera.eu\/app\/uploads\/2024\/08\/DSC_0455-1.jpg\" srcset=\"http:\/\/omnifera.eu\/app\/uploads\/2024\/08\/DSC_0455-1.jpg 2500w, http:\/\/omnifera.eu\/app\/uploads\/2024\/08\/DSC_0455-1-300x200.jpg 300w, http:\/\/omnifera.eu\/app\/uploads\/2024\/08\/DSC_0455-1-1024x683.jpg 1024w, http:\/\/omnifera.eu\/app\/uploads\/2024\/08\/DSC_0455-1-768x512.jpg 768w, http:\/\/omnifera.eu\/app\/uploads\/2024\/08\/DSC_0455-1-1536x1024.jpg 1536w, http:\/\/omnifera.eu\/app\/uploads\/2024\/08\/DSC_0455-1-2048x1366.jpg 2048w, http:\/\/omnifera.eu\/app\/uploads\/2024\/08\/DSC_0455-1-350x233.jpg 350w, http:\/\/omnifera.eu\/app\/uploads\/2024\/08\/DSC_0455-1-600x400.jpg 600w\" sizes=\"(max-width: 2500px) 100vw, 2500px\" \/><\/figure><\/li><li class=\"wp-block-jetpack-slideshow_slide swiper-slide\"><figure><img loading=\"lazy\" decoding=\"async\" width=\"2500\" height=\"1667\" alt=\"\" class=\"wp-block-jetpack-slideshow_image wp-image-4560\" data-id=\"4560\" src=\"http:\/\/omnifera.eu\/app\/uploads\/2024\/08\/DSC_1047-1.jpg\" srcset=\"http:\/\/omnifera.eu\/app\/uploads\/2024\/08\/DSC_1047-1.jpg 2500w, http:\/\/omnifera.eu\/app\/uploads\/2024\/08\/DSC_1047-1-300x200.jpg 300w, http:\/\/omnifera.eu\/app\/uploads\/2024\/08\/DSC_1047-1-1024x683.jpg 1024w, http:\/\/omnifera.eu\/app\/uploads\/2024\/08\/DSC_1047-1-768x512.jpg 768w, http:\/\/omnifera.eu\/app\/uploads\/2024\/08\/DSC_1047-1-1536x1024.jpg 1536w, http:\/\/omnifera.eu\/app\/uploads\/2024\/08\/DSC_1047-1-2048x1366.jpg 2048w, http:\/\/omnifera.eu\/app\/uploads\/2024\/08\/DSC_1047-1-350x233.jpg 350w, http:\/\/omnifera.eu\/app\/uploads\/2024\/08\/DSC_1047-1-600x400.jpg 600w\" sizes=\"(max-width: 2500px) 100vw, 2500px\" \/><\/figure><\/li><li class=\"wp-block-jetpack-slideshow_slide swiper-slide\"><figure><img loading=\"lazy\" decoding=\"async\" width=\"2500\" height=\"1667\" alt=\"\" class=\"wp-block-jetpack-slideshow_image wp-image-4562\" data-id=\"4562\" src=\"http:\/\/omnifera.eu\/app\/uploads\/2024\/08\/DSC_1393-1.jpg\" srcset=\"http:\/\/omnifera.eu\/app\/uploads\/2024\/08\/DSC_1393-1.jpg 2500w, http:\/\/omnifera.eu\/app\/uploads\/2024\/08\/DSC_1393-1-300x200.jpg 300w, http:\/\/omnifera.eu\/app\/uploads\/2024\/08\/DSC_1393-1-1024x683.jpg 1024w, http:\/\/omnifera.eu\/app\/uploads\/2024\/08\/DSC_1393-1-768x512.jpg 768w, http:\/\/omnifera.eu\/app\/uploads\/2024\/08\/DSC_1393-1-1536x1024.jpg 1536w, http:\/\/omnifera.eu\/app\/uploads\/2024\/08\/DSC_1393-1-2048x1366.jpg 2048w, http:\/\/omnifera.eu\/app\/uploads\/2024\/08\/DSC_1393-1-350x233.jpg 350w, http:\/\/omnifera.eu\/app\/uploads\/2024\/08\/DSC_1393-1-600x400.jpg 600w\" sizes=\"(max-width: 2500px) 100vw, 2500px\" \/><\/figure><\/li><li class=\"wp-block-jetpack-slideshow_slide swiper-slide\"><figure><img loading=\"lazy\" decoding=\"async\" width=\"2500\" height=\"1736\" alt=\"\" class=\"wp-block-jetpack-slideshow_image wp-image-4564\" data-id=\"4564\" src=\"http:\/\/omnifera.eu\/app\/uploads\/2024\/08\/SAM_4976b.jpg\" srcset=\"http:\/\/omnifera.eu\/app\/uploads\/2024\/08\/SAM_4976b.jpg 2500w, http:\/\/omnifera.eu\/app\/uploads\/2024\/08\/SAM_4976b-300x208.jpg 300w, http:\/\/omnifera.eu\/app\/uploads\/2024\/08\/SAM_4976b-1024x711.jpg 1024w, http:\/\/omnifera.eu\/app\/uploads\/2024\/08\/SAM_4976b-768x533.jpg 768w, http:\/\/omnifera.eu\/app\/uploads\/2024\/08\/SAM_4976b-1536x1067.jpg 1536w, http:\/\/omnifera.eu\/app\/uploads\/2024\/08\/SAM_4976b-2048x1422.jpg 2048w, http:\/\/omnifera.eu\/app\/uploads\/2024\/08\/SAM_4976b-350x243.jpg 350w, http:\/\/omnifera.eu\/app\/uploads\/2024\/08\/SAM_4976b-600x417.jpg 600w\" sizes=\"(max-width: 2500px) 100vw, 2500px\" \/><\/figure><\/li><\/ul><a class=\"wp-block-jetpack-slideshow_button-prev swiper-button-prev swiper-button-white\" role=\"button\"><\/a><a class=\"wp-block-jetpack-slideshow_button-next swiper-button-next swiper-button-white\" role=\"button\"><\/a><a aria-label=\"Pause Slideshow\" class=\"wp-block-jetpack-slideshow_button-pause\" role=\"button\"><\/a><div class=\"wp-block-jetpack-slideshow_pagination swiper-pagination swiper-pagination-white\"><\/div><\/div><\/div>\r\n\n<p><\/p>\n","protected":false},"excerpt":{"rendered":"<p>OMNIFERA We are producing high quality baby wraps since 2014. We are pioneers of high end babywearing in Czech and Slovak Republic. Omnifera is a small family business focusing on a production of a high quality baby wraps, designed by Jana Kracmarova. Our wraps are produced in limited editions and are designed, woven and finished in the Czech Republic,\u00a0the country [&hellip;]<\/p>\n","protected":false},"author":1,"featured_media":0,"parent":0,"menu_order":0,"comment_status":"closed","ping_status":"closed","template":"","meta":{"_uf_show_specific_survey":0,"_uf_disable_surveys":false,"footnotes":""},"class_list":["post-4665","page","type-page","status-publish","hentry"],"aioseo_notices":[],"jetpack_sharing_enabled":true,"_links":{"self":[{"href":"http:\/\/omnifera.eu\/en\/wp-json\/wp\/v2\/pages\/4665","targetHints":{"allow":["GET"]}}],"collection":[{"href":"http:\/\/omnifera.eu\/en\/wp-json\/wp\/v2\/pages"}],"about":[{"href":"http:\/\/omnifera.eu\/en\/wp-json\/wp\/v2\/types\/page"}],"author":[{"embeddable":true,"href":"http:\/\/omnifera.eu\/en\/wp-json\/wp\/v2\/users\/1"}],"replies":[{"embeddable":true,"href":"http:\/\/omnifera.eu\/en\/wp-json\/wp\/v2\/comments?post=4665"}],"version-history":[{"count":5,"href":"http:\/\/omnifera.eu\/en\/wp-json\/wp\/v2\/pages\/4665\/revisions"}],"predecessor-version":[{"id":4682,"href":"http:\/\/omnifera.eu\/en\/wp-json\/wp\/v2\/pages\/4665\/revisions\/4682"}],"wp:attachment":[{"href":"http:\/\/omnifera.eu\/en\/wp-json\/wp\/v2\/media?parent=4665"}],"curies":[{"name":"wp","href":"https:\/\/api.w.org\/{rel}","templated":true}]}}